{"id":3837,"date":"2025-01-19T18:31:11","date_gmt":"2025-01-19T18:31:11","guid":{"rendered":"https:\/\/teatrodeimarsi.comune.avezzano.aq.it\/?page_id=3837"},"modified":"2025-02-08T09:15:03","modified_gmt":"2025-02-08T09:15:03","slug":"4-il-teatro","status":"publish","type":"page","link":"https:\/\/teatrodeimarsi.comune.avezzano.aq.it\/?page_id=3837","title":{"rendered":"4.IL TEATRO"},"content":{"rendered":"<div class=\"wpb-content-wrapper\"><p>[vc_row][vc_column][vc_empty_space height=&#8221;150px&#8221;]<div class=\"edgtf-section-title-holder  edgtf-st-reverse edgtf-st-title-left edgtf-st-ratio-1-2 edgtf-st-large-space\" style=\"text-align: center\">\n\t<div class=\"edgtf-st-inner\">\n\t\t\t\t\t\t\t<h1 class=\"edgtf-st-title\" >\n\t\t\t\tIl Teatro dei Marsi\t\t\t<\/h1>\n\t\t\t<\/div>\n<\/div>[vc_empty_space height=&#8221;50px&#8221;][\/vc_column][\/vc_row][vc_row equal_height=&#8221;yes&#8221; content_placement=&#8221;middle&#8221; row_content_width=&#8221;grid&#8221; content_text_aligment=&#8221;center&#8221; simple_background_color=&#8221;#558DB6&#8243; css=&#8221;.vc_custom_1737129838969{padding-top: 100px !important;padding-bottom: 150px !important;}&#8221;][vc_column width=&#8221;1\/4&#8243; css=&#8221;.vc_custom_1737129982182{margin-top: -90px !important;}&#8221;][vc_icon type=&#8221;openiconic&#8221; icon_openiconic=&#8221;vc-oi vc-oi-quote-left&#8221; color=&#8221;grey&#8221; size=&#8221;xl&#8221; align=&#8221;right&#8221; css=&#8221;.vc_custom_1737129994609{margin-bottom: 0px !important;padding-left: 0px !important;}&#8221;][\/vc_column][vc_column width=&#8221;1\/2&#8243;][vc_column_text css=&#8221;.vc_custom_1737129889481{padding-right: px !important;}&#8221;]<\/p>\n<p style=\"text-align: justify;\"><span style=\"color: #ffffff;\">Il Teatro dei Marsi di Avezzano \u00e8 un simbolo di cultura e resilienza, che unisce la tradizione storica del territorio marsicano alla vivacit\u00e0 artistica contemporanea e rappresenta un\u2019eccellenza nel panorama culturale abruzzese, ospitando una vasta gamma di eventi, dai grandi spettacoli teatrali ai concerti, dalle rassegne artistiche alle molteplici iniziative educative e di confronto. Un luogo simbolo di una comunit\u00e0.<\/span><\/p>\n<p>[\/vc_column_text][\/vc_column][vc_column width=&#8221;1\/4&#8243;][vc_icon type=&#8221;openiconic&#8221; icon_openiconic=&#8221;vc-oi vc-oi-quote-right&#8221; color=&#8221;grey&#8221; size=&#8221;xl&#8221; css=&#8221;.vc_custom_1737130238090{margin-bottom: 0px !important;padding-top: 50px !important;padding-left: 0px !important;}&#8221;][\/vc_column][\/vc_row][vc_row][vc_column css=&#8221;.vc_custom_1524212627736{margin-top: -90px !important;}&#8221;]<div class=\"edgtf-lic-holder edgtf-light-skin edgtf-owl-custom-nav\">\n\t<div class=\"edgtf-lic-inner edgtf-owl-slider\" data-number-of-items=\"1\" data-enable-loop=\"yes\" data-enable-autoplay=\"yes\" data-enable-autoplay-hover-pause=\"no\" data-slider-speed=\"5000\" data-slider-speed-animation=\"800\" data-enable-center=\"yes\" data-slider-custom-padding=\"yes\" data-enable-navigation=\"yes\" data-enable-pagination=\"no\">\n\t\t\t\t\t\t<div class=\"edgtf-lic-item \">\n\t\t\t\t\t<a itemprop=\"url\" class=\"edgtf-lic-item-link\" href=\"#\" title=\"\" data-rel=\"prettyPhoto[lic_pretty_photo-29099]\">\n\t\t\t\t\t\t<img fetchpriority=\"high\" decoding=\"async\" width=\"2500\" height=\"1664\" src=\"https:\/\/teatrodeimarsi.comune.avezzano.aq.it\/wp-content\/uploads\/2025\/01\/teatro-dei-arsi-avezzano-andrea-calvano-fotografo-167.jpg\" class=\"attachment-full size-full\" alt=\"\" srcset=\"https:\/\/teatrodeimarsi.comune.avezzano.aq.it\/wp-content\/uploads\/2025\/01\/teatro-dei-arsi-avezzano-andrea-calvano-fotografo-167.jpg 2500w, https:\/\/teatrodeimarsi.comune.avezzano.aq.it\/wp-content\/uploads\/2025\/01\/teatro-dei-arsi-avezzano-andrea-calvano-fotografo-167-300x200.jpg 300w, https:\/\/teatrodeimarsi.comune.avezzano.aq.it\/wp-content\/uploads\/2025\/01\/teatro-dei-arsi-avezzano-andrea-calvano-fotografo-167-1024x682.jpg 1024w, https:\/\/teatrodeimarsi.comune.avezzano.aq.it\/wp-content\/uploads\/2025\/01\/teatro-dei-arsi-avezzano-andrea-calvano-fotografo-167-768x511.jpg 768w, https:\/\/teatrodeimarsi.comune.avezzano.aq.it\/wp-content\/uploads\/2025\/01\/teatro-dei-arsi-avezzano-andrea-calvano-fotografo-167-1536x1022.jpg 1536w, https:\/\/teatrodeimarsi.comune.avezzano.aq.it\/wp-content\/uploads\/2025\/01\/teatro-dei-arsi-avezzano-andrea-calvano-fotografo-167-600x399.jpg 600w\" sizes=\"(max-width: 2500px) 100vw, 2500px\" \/>\t\t\t\t\t<\/a>\n\t\t\t\t<\/div>\n\t\t\t\t\t\t\t\t<div class=\"edgtf-lic-item \">\n\t\t\t\t\t<a itemprop=\"url\" class=\"edgtf-lic-item-link\" href=\"#\" title=\"\" data-rel=\"prettyPhoto[lic_pretty_photo-29099]\">\n\t\t\t\t\t\t<img decoding=\"async\" width=\"2250\" height=\"1688\" src=\"https:\/\/teatrodeimarsi.comune.avezzano.aq.it\/wp-content\/uploads\/2025\/01\/IMG_5720.jpg\" class=\"attachment-full size-full\" alt=\"\" srcset=\"https:\/\/teatrodeimarsi.comune.avezzano.aq.it\/wp-content\/uploads\/2025\/01\/IMG_5720.jpg 2250w, https:\/\/teatrodeimarsi.comune.avezzano.aq.it\/wp-content\/uploads\/2025\/01\/IMG_5720-300x225.jpg 300w, https:\/\/teatrodeimarsi.comune.avezzano.aq.it\/wp-content\/uploads\/2025\/01\/IMG_5720-1024x768.jpg 1024w, https:\/\/teatrodeimarsi.comune.avezzano.aq.it\/wp-content\/uploads\/2025\/01\/IMG_5720-768x576.jpg 768w, https:\/\/teatrodeimarsi.comune.avezzano.aq.it\/wp-content\/uploads\/2025\/01\/IMG_5720-1536x1152.jpg 1536w, https:\/\/teatrodeimarsi.comune.avezzano.aq.it\/wp-content\/uploads\/2025\/01\/IMG_5720-600x450.jpg 600w\" sizes=\"(max-width: 2250px) 100vw, 2250px\" \/>\t\t\t\t\t<\/a>\n\t\t\t\t<\/div>\n\t\t\t\t\t\t\t\t<div class=\"edgtf-lic-item \">\n\t\t\t\t\t<a itemprop=\"url\" class=\"edgtf-lic-item-link\" href=\"#\" title=\"\" data-rel=\"prettyPhoto[lic_pretty_photo-29099]\">\n\t\t\t\t\t\t<img decoding=\"async\" width=\"2250\" height=\"1500\" src=\"https:\/\/teatrodeimarsi.comune.avezzano.aq.it\/wp-content\/uploads\/2025\/01\/DSC07780.jpg\" class=\"attachment-full size-full\" alt=\"\" srcset=\"https:\/\/teatrodeimarsi.comune.avezzano.aq.it\/wp-content\/uploads\/2025\/01\/DSC07780.jpg 2250w, https:\/\/teatrodeimarsi.comune.avezzano.aq.it\/wp-content\/uploads\/2025\/01\/DSC07780-300x200.jpg 300w, https:\/\/teatrodeimarsi.comune.avezzano.aq.it\/wp-content\/uploads\/2025\/01\/DSC07780-1024x683.jpg 1024w, https:\/\/teatrodeimarsi.comune.avezzano.aq.it\/wp-content\/uploads\/2025\/01\/DSC07780-768x512.jpg 768w, https:\/\/teatrodeimarsi.comune.avezzano.aq.it\/wp-content\/uploads\/2025\/01\/DSC07780-1536x1024.jpg 1536w, https:\/\/teatrodeimarsi.comune.avezzano.aq.it\/wp-content\/uploads\/2025\/01\/DSC07780-600x400.jpg 600w\" sizes=\"(max-width: 2250px) 100vw, 2250px\" \/>\t\t\t\t\t<\/a>\n\t\t\t\t<\/div>\n\t\t\t\t\t\t\t\t<div class=\"edgtf-lic-item \">\n\t\t\t\t\t<a itemprop=\"url\" class=\"edgtf-lic-item-link\" href=\"#\" title=\"\" data-rel=\"prettyPhoto[lic_pretty_photo-29099]\">\n\t\t\t\t\t\t<img loading=\"lazy\" decoding=\"async\" width=\"2500\" height=\"1664\" src=\"https:\/\/teatrodeimarsi.comune.avezzano.aq.it\/wp-content\/uploads\/2025\/01\/teatro-dei-arsi-avezzano-andrea-calvano-fotografo-132.jpg\" class=\"attachment-full size-full\" alt=\"\" srcset=\"https:\/\/teatrodeimarsi.comune.avezzano.aq.it\/wp-content\/uploads\/2025\/01\/teatro-dei-arsi-avezzano-andrea-calvano-fotografo-132.jpg 2500w, https:\/\/teatrodeimarsi.comune.avezzano.aq.it\/wp-content\/uploads\/2025\/01\/teatro-dei-arsi-avezzano-andrea-calvano-fotografo-132-300x200.jpg 300w, https:\/\/teatrodeimarsi.comune.avezzano.aq.it\/wp-content\/uploads\/2025\/01\/teatro-dei-arsi-avezzano-andrea-calvano-fotografo-132-1024x682.jpg 1024w, https:\/\/teatrodeimarsi.comune.avezzano.aq.it\/wp-content\/uploads\/2025\/01\/teatro-dei-arsi-avezzano-andrea-calvano-fotografo-132-768x511.jpg 768w, https:\/\/teatrodeimarsi.comune.avezzano.aq.it\/wp-content\/uploads\/2025\/01\/teatro-dei-arsi-avezzano-andrea-calvano-fotografo-132-1536x1022.jpg 1536w, https:\/\/teatrodeimarsi.comune.avezzano.aq.it\/wp-content\/uploads\/2025\/01\/teatro-dei-arsi-avezzano-andrea-calvano-fotografo-132-600x399.jpg 600w\" sizes=\"(max-width: 2500px) 100vw, 2500px\" \/>\t\t\t\t\t<\/a>\n\t\t\t\t<\/div>\n\t\t\t\t\t\t\t\t<div class=\"edgtf-lic-item \">\n\t\t\t\t\t<a itemprop=\"url\" class=\"edgtf-lic-item-link\" href=\"#\" title=\"\" data-rel=\"prettyPhoto[lic_pretty_photo-29099]\">\n\t\t\t\t\t\t<img loading=\"lazy\" decoding=\"async\" width=\"2500\" height=\"1664\" src=\"https:\/\/teatrodeimarsi.comune.avezzano.aq.it\/wp-content\/uploads\/2025\/01\/teatro-dei-arsi-avezzano-andrea-calvano-fotografo-157.jpg\" class=\"attachment-full size-full\" alt=\"\" srcset=\"https:\/\/teatrodeimarsi.comune.avezzano.aq.it\/wp-content\/uploads\/2025\/01\/teatro-dei-arsi-avezzano-andrea-calvano-fotografo-157.jpg 2500w, https:\/\/teatrodeimarsi.comune.avezzano.aq.it\/wp-content\/uploads\/2025\/01\/teatro-dei-arsi-avezzano-andrea-calvano-fotografo-157-300x200.jpg 300w, https:\/\/teatrodeimarsi.comune.avezzano.aq.it\/wp-content\/uploads\/2025\/01\/teatro-dei-arsi-avezzano-andrea-calvano-fotografo-157-1024x682.jpg 1024w, https:\/\/teatrodeimarsi.comune.avezzano.aq.it\/wp-content\/uploads\/2025\/01\/teatro-dei-arsi-avezzano-andrea-calvano-fotografo-157-768x511.jpg 768w, https:\/\/teatrodeimarsi.comune.avezzano.aq.it\/wp-content\/uploads\/2025\/01\/teatro-dei-arsi-avezzano-andrea-calvano-fotografo-157-1536x1022.jpg 1536w, https:\/\/teatrodeimarsi.comune.avezzano.aq.it\/wp-content\/uploads\/2025\/01\/teatro-dei-arsi-avezzano-andrea-calvano-fotografo-157-600x399.jpg 600w\" sizes=\"(max-width: 2500px) 100vw, 2500px\" \/>\t\t\t\t\t<\/a>\n\t\t\t\t<\/div>\n\t\t\t\t\t\t\t\t<div class=\"edgtf-lic-item \">\n\t\t\t\t\t<a itemprop=\"url\" class=\"edgtf-lic-item-link\" href=\"#\" title=\"\" data-rel=\"prettyPhoto[lic_pretty_photo-29099]\">\n\t\t\t\t\t\t<img loading=\"lazy\" decoding=\"async\" width=\"2250\" height=\"1500\" src=\"https:\/\/teatrodeimarsi.comune.avezzano.aq.it\/wp-content\/uploads\/2025\/01\/DSC07947.jpg\" class=\"attachment-full size-full\" alt=\"\" srcset=\"https:\/\/teatrodeimarsi.comune.avezzano.aq.it\/wp-content\/uploads\/2025\/01\/DSC07947.jpg 2250w, https:\/\/teatrodeimarsi.comune.avezzano.aq.it\/wp-content\/uploads\/2025\/01\/DSC07947-300x200.jpg 300w, https:\/\/teatrodeimarsi.comune.avezzano.aq.it\/wp-content\/uploads\/2025\/01\/DSC07947-1024x683.jpg 1024w, https:\/\/teatrodeimarsi.comune.avezzano.aq.it\/wp-content\/uploads\/2025\/01\/DSC07947-768x512.jpg 768w, https:\/\/teatrodeimarsi.comune.avezzano.aq.it\/wp-content\/uploads\/2025\/01\/DSC07947-1536x1024.jpg 1536w, https:\/\/teatrodeimarsi.comune.avezzano.aq.it\/wp-content\/uploads\/2025\/01\/DSC07947-600x400.jpg 600w\" sizes=\"(max-width: 2250px) 100vw, 2250px\" \/>\t\t\t\t\t<\/a>\n\t\t\t\t<\/div>\n\t\t\t\t\t\t\t\t<div class=\"edgtf-lic-item \">\n\t\t\t\t\t<a itemprop=\"url\" class=\"edgtf-lic-item-link\" href=\"#\" title=\"\" data-rel=\"prettyPhoto[lic_pretty_photo-29099]\">\n\t\t\t\t\t\t<img loading=\"lazy\" decoding=\"async\" width=\"2500\" height=\"1664\" src=\"https:\/\/teatrodeimarsi.comune.avezzano.aq.it\/wp-content\/uploads\/2025\/01\/teatro-dei-arsi-avezzano-andrea-calvano-fotografo-146.jpg\" class=\"attachment-full size-full\" alt=\"\" srcset=\"https:\/\/teatrodeimarsi.comune.avezzano.aq.it\/wp-content\/uploads\/2025\/01\/teatro-dei-arsi-avezzano-andrea-calvano-fotografo-146.jpg 2500w, https:\/\/teatrodeimarsi.comune.avezzano.aq.it\/wp-content\/uploads\/2025\/01\/teatro-dei-arsi-avezzano-andrea-calvano-fotografo-146-300x200.jpg 300w, https:\/\/teatrodeimarsi.comune.avezzano.aq.it\/wp-content\/uploads\/2025\/01\/teatro-dei-arsi-avezzano-andrea-calvano-fotografo-146-1024x682.jpg 1024w, https:\/\/teatrodeimarsi.comune.avezzano.aq.it\/wp-content\/uploads\/2025\/01\/teatro-dei-arsi-avezzano-andrea-calvano-fotografo-146-768x511.jpg 768w, https:\/\/teatrodeimarsi.comune.avezzano.aq.it\/wp-content\/uploads\/2025\/01\/teatro-dei-arsi-avezzano-andrea-calvano-fotografo-146-1536x1022.jpg 1536w, https:\/\/teatrodeimarsi.comune.avezzano.aq.it\/wp-content\/uploads\/2025\/01\/teatro-dei-arsi-avezzano-andrea-calvano-fotografo-146-600x399.jpg 600w\" sizes=\"(max-width: 2500px) 100vw, 2500px\" \/>\t\t\t\t\t<\/a>\n\t\t\t\t<\/div>\n\t\t\t\t\t<\/div>\n<\/div>[\/vc_column][\/vc_row][vc_row row_content_width=&#8221;grid&#8221; css=&#8221;.vc_custom_1737202989530{padding-top: 40px !important;padding-bottom: 40px !important;}&#8221;][vc_column][vc_column_text css=&#8221;&#8221;]<\/p>\n<p style=\"text-align: justify;\">Il Teatro dei Marsi \u00e8 uno dei simboli culturali pi\u00f9 significativi della citt\u00e0 di Avezzano, situata nel cuore della Marsica, in Abruzzo. Costruito con l&#8217;intento di fornire alla citt\u00e0 un centro culturale e artistico di riferimento, il teatro rappresenta oggi un punto di incontro per la sua comunit\u00e0 e un importante polo culturale per tutta la regione.<\/p>\n<p style=\"text-align: justify;\">La storia del Teatro dei Marsi affonda le radici nei primi anni del XXI secolo. L\u2019idea di realizzare un teatro ad Avezzano nasce dalla necessit\u00e0 di restituire alla citt\u00e0 un luogo deputato alle arti performative, dopo che il terremoto del 1915 aveva distrutto gran parte degli edifici storici e culturali, tra cui il vecchio teatro della citt\u00e0. Il progetto \u00e8 stato realizzato nel contesto di una pi\u00f9 ampia opera di riqualificazione urbana e di rilancio culturale.<\/p>\n<p style=\"text-align: justify;\">La struttura \u00e8 stata concepita con l\u2019obiettivo di fondere tradizione e modernit\u00e0. Il nome &#8220;Teatro dei Marsi&#8221; \u00e8 un omaggio al popolo marso, antico abitante della regione e simbolo dell\u2019identit\u00e0 culturale locale. La sua progettazione si ispira a un\u2019idea di modernit\u00e0 e funzionalit\u00e0, con un\u2019acustica curata nei minimi dettagli per garantire un\u2019esperienza ottimale per gli artisti e per gli spettatori.<\/p>\n<p style=\"text-align: justify;\">Il Teatro dei Marsi \u00e8 stato inaugurato ufficialmente nel 2006, diventando subito il fulcro della vita culturale di Avezzano. L\u2019inaugurazione \u00e8 stata celebrata con un evento di grande rilevanza, che ha visto la partecipazione di artisti di livello nazionale e internazionale. Fin da subito, il teatro si \u00e8 distinto per la qualit\u00e0 della sua programmazione e per la sua capacit\u00e0 di attrarre un pubblico ampio e diversificato.<\/p>\n<p style=\"text-align: justify;\">Il teatro pu\u00f2 ospitare circa 800 spettatori, distribuiti tra platea e galleria. La sala principale \u00e8 caratterizzata da un design moderno ma accogliente, con una particolare attenzione all\u2019illuminazione e all\u2019acustica. La struttura \u00e8 dotata anche di spazi accessori, come camerini per gli artisti, sale prova e aree tecniche, che ne fanno un luogo funzionale per diverse tipologie di eventi.<\/p>\n<p style=\"text-align: justify;\">Il Teatro dei Marsi offre una programmazione variegata, che spazia dall\u2019opera lirica al teatro di prosa, dalla musica classica ai concerti moderni, fino agli spettacoli di danza e agli eventi culturali. Inoltre, il teatro collabora con istituzioni locali, scuole e associazioni culturali per promuovere attivit\u00e0 didattiche e laboratori teatrali. Questa sinergia con il territorio lo rende non solo un luogo di spettacolo, ma anche un centro di formazione e promozione culturale.<\/p>\n<p style=\"text-align: justify;\">Il Teatro dei Marsi \u00e8 oggi un simbolo di rinascita e di coesione per Avezzano e per l\u2019intera Marsica. La sua presenza contribuisce a mantenere viva la tradizione culturale del territorio, offrendo al contempo uno sguardo verso il futuro e verso le nuove tendenze artistiche. \u00c8 anche un luogo di incontro e di aggregazione sociale, che rafforza il senso di appartenenza alla comunit\u00e0.<\/p>\n<p>&nbsp;<\/p>\n<hr \/>\n<p style=\"text-align: justify;\"><span style=\"color: #808080;\"><strong>L\u2019ufficio Teatro, a partire dalla stagione 2024\/25, \u00e8 composto dal Vice Sindaco Domenico Di Berardino, dal direttore artistico Patrizio Maria D\u2019Artista,\u00a0 dal dirigente Roberto Laurenzi, dal soprano Donata D\u2019Annunzio Lombardi, dalla prof.ssa Gabriella Martignetti, dal prof. Luca Di Nicola e il dott. Angelo Petroni.<\/strong><\/span><\/p>\n<hr \/>\n<p>&nbsp;<\/p>\n<h5 style=\"text-align: center;\"><strong>Teatro dei Marsi<\/strong><\/h5>\n<h5 style=\"text-align: center;\">Via dei Cavalieri di Vittorio Veneto, 24 67051 Avezzano<\/h5>\n<p>[\/vc_column_text][\/vc_column][\/vc_row]<\/p>\n<\/div>","protected":false},"excerpt":{"rendered":"<p>[vc_row][vc_column][vc_empty_space height=&#8221;150px&#8221;][vc_empty_space height=&#8221;50px&#8221;][\/vc_column][\/vc_row][vc_row equal_height=&#8221;yes&#8221; content_placement=&#8221;middle&#8221; row_content_width=&#8221;grid&#8221; content_text_aligment=&#8221;center&#8221; simple_background_color=&#8221;#558DB6&#8243; css=&#8221;.vc_custom_1737129838969{padding-top: 100px !important;padding-bottom: 150px !important;}&#8221;][vc_column width=&#8221;1\/4&#8243; css=&#8221;.vc_custom_1737129982182{margin-top: -90px !important;}&#8221;][vc_icon [&hellip;]<\/p>\n","protected":false},"author":1,"featured_media":0,"parent":0,"menu_order":0,"comment_status":"closed","ping_status":"closed","template":"full-width.php","meta":{"footnotes":""},"class_list":["post-3837","page","type-page","status-publish","hentry"],"_links":{"self":[{"href":"https:\/\/teatrodeimarsi.comune.avezzano.aq.it\/index.php?rest_route=\/wp\/v2\/pages\/3837","targetHints":{"allow":["GET"]}}],"collection":[{"href":"https:\/\/teatrodeimarsi.comune.avezzano.aq.it\/index.php?rest_route=\/wp\/v2\/pages"}],"about":[{"href":"https:\/\/teatrodeimarsi.comune.avezzano.aq.it\/index.php?rest_route=\/wp\/v2\/types\/page"}],"author":[{"embeddable":true,"href":"https:\/\/teatrodeimarsi.comune.avezzano.aq.it\/index.php?rest_route=\/wp\/v2\/users\/1"}],"replies":[{"embeddable":true,"href":"https:\/\/teatrodeimarsi.comune.avezzano.aq.it\/index.php?rest_route=%2Fwp%2Fv2%2Fcomments&post=3837"}],"version-history":[{"count":11,"href":"https:\/\/teatrodeimarsi.comune.avezzano.aq.it\/index.php?rest_route=\/wp\/v2\/pages\/3837\/revisions"}],"predecessor-version":[{"id":4036,"href":"https:\/\/teatrodeimarsi.comune.avezzano.aq.it\/index.php?rest_route=\/wp\/v2\/pages\/3837\/revisions\/4036"}],"wp:attachment":[{"href":"https:\/\/teatrodeimarsi.comune.avezzano.aq.it\/index.php?rest_route=%2Fwp%2Fv2%2Fmedia&parent=3837"}],"curies":[{"name":"wp","href":"https:\/\/api.w.org\/{rel}","templated":true}]}}